{"id":781,"date":"2017-02-09T08:45:13","date_gmt":"2017-02-09T05:45:13","guid":{"rendered":"http:\/\/dummy.xtemos.com\/basel\/vers\/?page_id=781"},"modified":"2019-02-08T15:16:02","modified_gmt":"2019-02-08T12:16:02","slug":"hakkimizda","status":"publish","type":"page","link":"https:\/\/www.fmkaksesuar.com\/en\/about-us\/","title":{"rendered":"About Us"},"content":{"rendered":"<p>[vc_row full_width=&#8221;stretch_row_content_no_spaces&#8221; content_placement=&#8221;middle&#8221; css=&#8221;.vc_custom_1451486211770{margin-top: -40px !important;margin-bottom: -40px !important;}&#8221;][vc_column offset=&#8221;vc_col-md-6&#8243;]\t\t\t<div id=\"gallery_819\" class=\"basel-images-gallery  spacing-20 columns-2 view-grid\" >\n\t\t\t\t<div class=\"gallery-images \">\n\t\t\t\t\t\t\t\t\t\t\t\t\t\t\t\t\t\t<div class=\"basel-gallery-item\">\n\t\t\t\t\t\t\t\t\t\t\t\t\t\t\t\n\t\t\t\t\t\t\t\t\t\t\t\t\t\t\t\t\t<img loading=\"lazy\" decoding=\"async\" width=\"300\" height=\"184\" src=\"https:\/\/www.fmkaksesuar.com\/wp-content\/uploads\/2018\/11\/zamak-300x184.jpg\" class=\"basel-gallery-image image-1 attachment-medium\" alt=\"\" srcset=\"https:\/\/www.fmkaksesuar.com\/wp-content\/uploads\/2018\/11\/zamak-300x184.jpg 300w, https:\/\/www.fmkaksesuar.com\/wp-content\/uploads\/2018\/11\/zamak.jpg 567w\" sizes=\"auto, (max-width: 300px) 100vw, 300px\" \/>\t\t\t\t\t\t\t\t\n\t\t\t\t\t\t\t\t\t\t\t\t\t\t\t<\/div>\n\t\t\t\t\t\t\t\t\t\t\t\t\t<div class=\"basel-gallery-item\">\n\t\t\t\t\t\t\t\t\t\t\t\t\t\t\t\n\t\t\t\t\t\t\t\t\t\t\t\t\t\t\t\t\t<img loading=\"lazy\" decoding=\"async\" width=\"300\" height=\"184\" src=\"https:\/\/www.fmkaksesuar.com\/wp-content\/uploads\/2018\/11\/vibrasyon-300x184.jpg\" class=\"basel-gallery-image image-2 attachment-medium\" alt=\"\" srcset=\"https:\/\/www.fmkaksesuar.com\/wp-content\/uploads\/2018\/11\/vibrasyon-300x184.jpg 300w, https:\/\/www.fmkaksesuar.com\/wp-content\/uploads\/2018\/11\/vibrasyon.jpg 567w\" sizes=\"auto, (max-width: 300px) 100vw, 300px\" \/>\t\t\t\t\t\t\t\t\n\t\t\t\t\t\t\t\t\t\t\t\t\t\t\t<\/div>\n\t\t\t\t\t\t\t\t\t\t\t\t\t<div class=\"basel-gallery-item\">\n\t\t\t\t\t\t\t\t\t\t\t\t\t\t\t\n\t\t\t\t\t\t\t\t\t\t\t\t\t\t\t\t\t<img loading=\"lazy\" decoding=\"async\" width=\"300\" height=\"184\" src=\"https:\/\/www.fmkaksesuar.com\/wp-content\/uploads\/2018\/11\/cnc2-300x184.jpg\" class=\"basel-gallery-image image-3 attachment-medium\" alt=\"\" srcset=\"https:\/\/www.fmkaksesuar.com\/wp-content\/uploads\/2018\/11\/cnc2-300x184.jpg 300w, https:\/\/www.fmkaksesuar.com\/wp-content\/uploads\/2018\/11\/cnc2.jpg 567w\" sizes=\"auto, (max-width: 300px) 100vw, 300px\" \/>\t\t\t\t\t\t\t\t\n\t\t\t\t\t\t\t\t\t\t\t\t\t\t\t<\/div>\n\t\t\t\t\t\t\t\t\t\t\t\t\t<div class=\"basel-gallery-item\">\n\t\t\t\t\t\t\t\t\t\t\t\t\t\t\t\n\t\t\t\t\t\t\t\t\t\t\t\t\t\t\t\t\t<img loading=\"lazy\" decoding=\"async\" width=\"300\" height=\"184\" src=\"https:\/\/www.fmkaksesuar.com\/wp-content\/uploads\/2018\/11\/cnc-300x184.jpg\" class=\"basel-gallery-image image-4 attachment-medium\" alt=\"\" srcset=\"https:\/\/www.fmkaksesuar.com\/wp-content\/uploads\/2018\/11\/cnc-300x184.jpg 300w, https:\/\/www.fmkaksesuar.com\/wp-content\/uploads\/2018\/11\/cnc.jpg 567w\" sizes=\"auto, (max-width: 300px) 100vw, 300px\" \/>\t\t\t\t\t\t\t\t\n\t\t\t\t\t\t\t\t\t\t\t\t\t\t\t<\/div>\n\t\t\t\t\t\t\t\t\t\t\t\t\t<div class=\"basel-gallery-item\">\n\t\t\t\t\t\t\t\t\t\t\t\t\t\t\t\n\t\t\t\t\t\t\t\t\t\t\t\t\t\t\t\t\t<img loading=\"lazy\" decoding=\"async\" width=\"300\" height=\"184\" src=\"https:\/\/www.fmkaksesuar.com\/wp-content\/uploads\/2018\/09\/fmk-misyonumuz-300x184.jpg\" class=\"basel-gallery-image image-5 attachment-medium\" alt=\"\" srcset=\"https:\/\/www.fmkaksesuar.com\/wp-content\/uploads\/2018\/09\/fmk-misyonumuz-300x184.jpg 300w, https:\/\/www.fmkaksesuar.com\/wp-content\/uploads\/2018\/09\/fmk-misyonumuz.jpg 567w\" sizes=\"auto, (max-width: 300px) 100vw, 300px\" \/>\t\t\t\t\t\t\t\t\n\t\t\t\t\t\t\t\t\t\t\t\t\t\t\t<\/div>\n\t\t\t\t\t\t\t\t\t\t\t\t\t<div class=\"basel-gallery-item\">\n\t\t\t\t\t\t\t\t\t\t\t\t\t\t\t\n\t\t\t\t\t\t\t\t\t\t\t\t\t\t\t\t\t<img loading=\"lazy\" decoding=\"async\" width=\"300\" height=\"184\" src=\"https:\/\/www.fmkaksesuar.com\/wp-content\/uploads\/2018\/09\/fmk-makine-300x184.jpg\" class=\"basel-gallery-image image-6 attachment-medium\" alt=\"\" srcset=\"https:\/\/www.fmkaksesuar.com\/wp-content\/uploads\/2018\/09\/fmk-makine-300x184.jpg 300w, https:\/\/www.fmkaksesuar.com\/wp-content\/uploads\/2018\/09\/fmk-makine.jpg 567w\" sizes=\"auto, (max-width: 300px) 100vw, 300px\" \/>\t\t\t\t\t\t\t\t\n\t\t\t\t\t\t\t\t\t\t\t\t\t\t\t<\/div>\n\t\t\t\t\t\t\t\t\t\t\t\t\t\t\t<\/div>\n\t\t\t<\/div>\n\t\t\t\t\t[\/vc_column][vc_column css=&#8221;.vc_custom_1485009354843{margin-top: 25px !important;margin-bottom: 40px !important;padding-right: 10% !important;padding-left: 10% !important;}&#8221; offset=&#8221;vc_col-md-6&#8243;][vc_column_text css=&#8221;.vc_custom_1539272860340{margin-bottom: 30px !important;}&#8221;]<\/p>\n<h1 class=\"font-title\" style=\"text-align: center; font-size: 42px; text-transform: capitalize;\">About Us<\/h1>\n<p>[\/vc_column_text][vc_column_text css=&#8221;.vc_custom_1549627891939{padding-right: 30px !important;padding-left: 30px !important;}&#8221;]Fatih Makine Kal\u0131p started its activities in 1982, as the name of \u00d6zl\u00fc Kal\u0131p , in Istanbul\/Fatih by manufacturing its Buttons, Rivet and Buckle products. Our company continued its way with our developing technology and growing business volume as of 2001 as the name of Fatih Makine Kal\u0131p ve Imalat Sanayi and today it has become a company operating in a closed area of \u200b\u200b400 m2 in Istanbul Ikitelli Organized Industrial Zone.<\/p>\n<p>In the remaining 36 years, our company has increased its manufacturing volume and capital by the developing manufacturing technologies and the growing economy of the country; the product range has always been suitable for the fashion and able to respond to the demand of the market.<\/p>\n<p>WHAT WE DO?<\/p>\n<p>Our company specializes in the manufacture of metal, brass and alloy zinc accessories and operates with a wide range of products and flexible production technologies that can respond to specific product requirements\/needs of our customers.<\/p>\n<p>Our main product groups are Bag Accessories, Rigging and Mark Plates, Bag Hooks, Bag Buckles, Adjusting Buckles, Rings, Shoe Buckles, Shoe Accessories, Slipper Buckles, Slipper Accessories, Textile Accessories, Belt Buckles, Belt Accessories.[\/vc_column_text]\n\t\t\t<ul class=\"social-icons text-center icons-design-circle icons-size-default social-follow \">\n\t\t\t\t\t\t\t\t\t<li class=\"social-facebook\"><a href=\"https:\/\/www.facebook.com\/fmkaksesuar\/\" target=\"_blank\" class=\"\"><i class=\"fa fa-facebook\"><\/i><span class=\"basel-social-icon-name\">Facebook<\/span><\/a><\/li>\n\t\t\t\t\n\t\t\t\t\n\t\t\t\t\n\t\t\t\t\t\t\t\t\t\t<li class=\"social-email\"><a href=\"mailto:?subject=Check this https:\/\/www.fmkaksesuar.com\/en\/about-us\/\" target=\"_blank\" class=\"\"><i class=\"fa fa-envelope\"><\/i><span class=\"basel-social-icon-name\">Email<\/span><\/a><\/li>\n\t\t\t\t\n\t\t\t\t\t\t\t\t\t<li class=\"social-instagram\"><a href=\"https:\/\/www.instagram.com\/fmkaksesuar\/\" target=\"_blank\" class=\"\"><i class=\"fa fa-instagram\"><\/i><span class=\"basel-social-icon-name\">Instagram<\/span><\/a><\/li>\n\t\t\t\t\n\t\t\t\t\n\t\t\t\t\n\t\t\t\t\n\t\t\t\t\t\t\t\t\t<li class=\"social-linkedin\"><a href=\"https:\/\/www.linkedin.com\/company\/fmkaksesuar\/\" target=\"_blank\" class=\"\"><i class=\"fa fa-linkedin\"><\/i><span class=\"basel-social-icon-name\">LinkedIn<\/span><\/a><\/li>\n\t\t\t\t\n\t\t\t\t\n\t\t\t\t\n\t\t\t\t\n\t\t\t\t\n\t\t\t\t\n\t\t\t\t\n\t\t\t\t\n\t\t\t\t\n\t\t\t\t\t\t\t\t\n\t\t\t\t\n\t\t\t\t\n\t\t\t\t\n\t\t\t<\/ul>\n\n\t\t[\/vc_column][\/vc_row]<\/p>\n","protected":false},"excerpt":{"rendered":"<p>[vc_row full_width=&#8221;stretch_row_content_no_spaces&#8221; content_placement=&#8221;middle&#8221; css=&#8221;.vc_custom_1451486211770{margin-top: -40px !important;margin-bottom: -40px !important;}&#8221;][vc_column offset=&#8221;vc_col-md-6&#8243;][\/vc_column][vc_column css=&#8221;.vc_custom_1485009354843{margin-top: 25px !important;margin-bottom: 40px !important;padding-right: 10% !important;padding-left: 10% !important;}&#8221; offset=&#8221;vc_col-md-6&#8243;][vc_column_text css=&#8221;.vc_custom_1539272860340{margin-bottom:<\/p>\n","protected":false},"author":1,"featured_media":0,"parent":0,"menu_order":0,"comment_status":"closed","ping_status":"closed","template":"","meta":{"footnotes":""},"class_list":["post-781","page","type-page","status-publish","hentry"],"yoast_head":"<!-- This site is optimized with the Yoast SEO plugin v26.6 - https:\/\/yoast.com\/wordpress\/plugins\/seo\/ -->\n<title>About Us - Fmk Accessory<\/title>\n<meta name=\"robots\" content=\"index, follow, max-snippet:-1, max-image-preview:large, max-video-preview:-1\" \/>\n<link rel=\"canonical\" href=\"https:\/\/www.fmkaksesuar.com\/hakkimizda\/\" \/>\n<meta property=\"og:locale\" content=\"en_US\" \/>\n<meta property=\"og:type\" content=\"article\" \/>\n<meta property=\"og:title\" content=\"About Us - Fmk Accessory\" \/>\n<meta property=\"og:description\" content=\"[vc_row full_width=&#8221;stretch_row_content_no_spaces&#8221; content_placement=&#8221;middle&#8221; css=&#8221;.vc_custom_1451486211770{margin-top: -40px !important;margin-bottom: -40px !important;}&#8221;][vc_column offset=&#8221;vc_col-md-6&#8243;][\/vc_column][vc_column css=&#8221;.vc_custom_1485009354843{margin-top: 25px !important;margin-bottom: 40px !important;padding-right: 10% !important;padding-left: 10% !important;}&#8221; offset=&#8221;vc_col-md-6&#8243;][vc_column_text css=&#8221;.vc_custom_1539272860340{margin-bottom:\" \/>\n<meta property=\"og:url\" content=\"https:\/\/www.fmkaksesuar.com\/hakkimizda\/\" \/>\n<meta property=\"og:site_name\" content=\"Fmk Accessory\" \/>\n<meta property=\"article:modified_time\" content=\"2019-02-08T12:16:02+00:00\" \/>\n<meta name=\"twitter:card\" content=\"summary_large_image\" \/>\n<meta name=\"twitter:label1\" content=\"Est. reading time\" \/>\n\t<meta name=\"twitter:data1\" content=\"1 minute\" \/>\n<script type=\"application\/ld+json\" class=\"yoast-schema-graph\">{\"@context\":\"https:\/\/schema.org\",\"@graph\":[{\"@type\":\"WebPage\",\"@id\":\"https:\/\/www.fmkaksesuar.com\/hakkimizda\/\",\"url\":\"https:\/\/www.fmkaksesuar.com\/hakkimizda\/\",\"name\":\"About Us - Fmk Accessory\",\"isPartOf\":{\"@id\":\"https:\/\/www.fmkaksesuar.com\/#website\"},\"datePublished\":\"2017-02-09T05:45:13+00:00\",\"dateModified\":\"2019-02-08T12:16:02+00:00\",\"breadcrumb\":{\"@id\":\"https:\/\/www.fmkaksesuar.com\/hakkimizda\/#breadcrumb\"},\"inLanguage\":\"en-US\",\"potentialAction\":[{\"@type\":\"ReadAction\",\"target\":[\"https:\/\/www.fmkaksesuar.com\/hakkimizda\/\"]}]},{\"@type\":\"BreadcrumbList\",\"@id\":\"https:\/\/www.fmkaksesuar.com\/hakkimizda\/#breadcrumb\",\"itemListElement\":[{\"@type\":\"ListItem\",\"position\":1,\"name\":\"Ana sayfa\",\"item\":\"https:\/\/www.fmkaksesuar.com\/\"},{\"@type\":\"ListItem\",\"position\":2,\"name\":\"Hakk\u0131m\u0131zda\"}]},{\"@type\":\"WebSite\",\"@id\":\"https:\/\/www.fmkaksesuar.com\/#website\",\"url\":\"https:\/\/www.fmkaksesuar.com\/\",\"name\":\"Fmk Accessory\",\"description\":\"Fatih Makina\",\"potentialAction\":[{\"@type\":\"SearchAction\",\"target\":{\"@type\":\"EntryPoint\",\"urlTemplate\":\"https:\/\/www.fmkaksesuar.com\/?s={search_term_string}\"},\"query-input\":{\"@type\":\"PropertyValueSpecification\",\"valueRequired\":true,\"valueName\":\"search_term_string\"}}],\"inLanguage\":\"en-US\"}]}<\/script>\n<!-- \/ Yoast SEO plugin. -->","yoast_head_json":{"title":"About Us - Fmk Accessory","robots":{"index":"index","follow":"follow","max-snippet":"max-snippet:-1","max-image-preview":"max-image-preview:large","max-video-preview":"max-video-preview:-1"},"canonical":"https:\/\/www.fmkaksesuar.com\/hakkimizda\/","og_locale":"en_US","og_type":"article","og_title":"About Us - Fmk Accessory","og_description":"[vc_row full_width=&#8221;stretch_row_content_no_spaces&#8221; content_placement=&#8221;middle&#8221; css=&#8221;.vc_custom_1451486211770{margin-top: -40px !important;margin-bottom: -40px !important;}&#8221;][vc_column offset=&#8221;vc_col-md-6&#8243;][\/vc_column][vc_column css=&#8221;.vc_custom_1485009354843{margin-top: 25px !important;margin-bottom: 40px !important;padding-right: 10% !important;padding-left: 10% !important;}&#8221; offset=&#8221;vc_col-md-6&#8243;][vc_column_text css=&#8221;.vc_custom_1539272860340{margin-bottom:","og_url":"https:\/\/www.fmkaksesuar.com\/hakkimizda\/","og_site_name":"Fmk Accessory","article_modified_time":"2019-02-08T12:16:02+00:00","twitter_card":"summary_large_image","twitter_misc":{"Est. reading time":"1 minute"},"schema":{"@context":"https:\/\/schema.org","@graph":[{"@type":"WebPage","@id":"https:\/\/www.fmkaksesuar.com\/hakkimizda\/","url":"https:\/\/www.fmkaksesuar.com\/hakkimizda\/","name":"About Us - Fmk Accessory","isPartOf":{"@id":"https:\/\/www.fmkaksesuar.com\/#website"},"datePublished":"2017-02-09T05:45:13+00:00","dateModified":"2019-02-08T12:16:02+00:00","breadcrumb":{"@id":"https:\/\/www.fmkaksesuar.com\/hakkimizda\/#breadcrumb"},"inLanguage":"en-US","potentialAction":[{"@type":"ReadAction","target":["https:\/\/www.fmkaksesuar.com\/hakkimizda\/"]}]},{"@type":"BreadcrumbList","@id":"https:\/\/www.fmkaksesuar.com\/hakkimizda\/#breadcrumb","itemListElement":[{"@type":"ListItem","position":1,"name":"Ana sayfa","item":"https:\/\/www.fmkaksesuar.com\/"},{"@type":"ListItem","position":2,"name":"Hakk\u0131m\u0131zda"}]},{"@type":"WebSite","@id":"https:\/\/www.fmkaksesuar.com\/#website","url":"https:\/\/www.fmkaksesuar.com\/","name":"Fmk Accessory","description":"Fatih Makina","potentialAction":[{"@type":"SearchAction","target":{"@type":"EntryPoint","urlTemplate":"https:\/\/www.fmkaksesuar.com\/?s={search_term_string}"},"query-input":{"@type":"PropertyValueSpecification","valueRequired":true,"valueName":"search_term_string"}}],"inLanguage":"en-US"}]}},"_links":{"self":[{"href":"https:\/\/www.fmkaksesuar.com\/en\/wp-json\/wp\/v2\/pages\/781","targetHints":{"allow":["GET"]}}],"collection":[{"href":"https:\/\/www.fmkaksesuar.com\/en\/wp-json\/wp\/v2\/pages"}],"about":[{"href":"https:\/\/www.fmkaksesuar.com\/en\/wp-json\/wp\/v2\/types\/page"}],"author":[{"embeddable":true,"href":"https:\/\/www.fmkaksesuar.com\/en\/wp-json\/wp\/v2\/users\/1"}],"replies":[{"embeddable":true,"href":"https:\/\/www.fmkaksesuar.com\/en\/wp-json\/wp\/v2\/comments?post=781"}],"version-history":[{"count":0,"href":"https:\/\/www.fmkaksesuar.com\/en\/wp-json\/wp\/v2\/pages\/781\/revisions"}],"wp:attachment":[{"href":"https:\/\/www.fmkaksesuar.com\/en\/wp-json\/wp\/v2\/media?parent=781"}],"curies":[{"name":"wp","href":"https:\/\/api.w.org\/{rel}","templated":true}]}}