{"id":2118,"date":"2018-11-01T11:05:17","date_gmt":"2018-11-01T08:05:17","guid":{"rendered":"http:\/\/www.fmkaksesuar.com\/?post_type=product&#038;p=2118"},"modified":"2019-01-31T11:22:50","modified_gmt":"2019-01-31T08:22:50","slug":"f-201-25-mm-terlik-tokasi","status":"publish","type":"product","link":"https:\/\/www.fmkaksesuar.com\/en\/product\/f-201-25-mm-slipper-buckle\/","title":{"rendered":"F-201 | 25 mm Slipper Buckle"},"content":{"rendered":"","protected":false},"excerpt":{"rendered":"<table style=\"border-collapse: collapse; border-spacing: 0; border-color: #aaa;\">\n<tbody>\n<tr>\n<th style=\"font-family: Arial, sans-serif; font-size: 18px; font-weight: bold; padding: 10px 5px; overflow: hidden; word-break: normal; color: #fff; background-color: #045864; text-align: center; vertical-align: top; border: 1px solid #aaa;\" colspan=\"2\">Features<\/th>\n<\/tr>\n<tr>\n<td style=\"font-family: Arial, sans-serif; font-size: 14px; padding: 10px 5px; overflow: hidden; word-break: normal; color: #333; background-color: #dbe6e7; vertical-align: top; border: 1px solid #aaa;\">Product Code :<\/td>\n<td style=\"font-family: Arial, sans-serif; font-size: 14px; padding: 10px 5px; overflow: hidden; word-break: normal; color: #333; background-color: #dbe6e7; vertical-align: top; border: 1px solid #aaa;\">\u00a0F-201<\/td>\n<\/tr>\n<tr>\n<td style=\"font-family: Arial, sans-serif; font-size: 14px; padding: 10px 5px; overflow: hidden; word-break: normal; color: #333; background-color: #fff; vertical-align: top; border: 1px solid #aaa;\">Weight<\/td>\n<td style=\"font-family: Arial, sans-serif; font-size: 14px; padding: 10px 5px; overflow: hidden; word-break: normal; color: #333; background-color: #fff; vertical-align: top; border: 1px solid #aaa;\">3 gr.<\/td>\n<\/tr>\n<tr>\n<td style=\"font-family: Arial, sans-serif; font-size: 14px; padding: 10px 5px; overflow: hidden; word-break: normal; color: #333; background-color: #dbe6e7; vertical-align: top; border: 1px solid #aaa;\">Dimensions<\/td>\n<td style=\"font-family: Arial, sans-serif; font-size: 14px; padding: 10px 5px; overflow: hidden; word-break: normal; color: #333; background-color: #dbe6e7; vertical-align: top; border: 1px solid #aaa;\">25&#215;33 mm<\/td>\n<\/tr>\n<tr>\n<td style=\"font-family: Arial, sans-serif; font-size: 14px; padding: 10px 5px; overflow: hidden; word-break: normal; color: #333; background-color: #fff; vertical-align: top; border: 1px solid #aaa;\">Material<\/td>\n<td style=\"font-family: Arial, sans-serif; font-size: 14px; padding: 10px 5px; overflow: hidden; word-break: normal; color: #333; background-color: #fff; vertical-align: top; border: 1px solid #aaa;\">Metal<\/td>\n<\/tr>\n<tr>\n<td style=\"font-family: Arial, sans-serif; font-size: 14px; padding: 10px 5px; overflow: hidden; word-break: normal; color: #333; background-color: #dbe6e7; vertical-align: top; border: 1px solid #aaa;\">Color<\/td>\n<td style=\"font-family: Arial, sans-serif; font-size: 14px; padding: 10px 5px; overflow: hidden; word-break: normal; color: #333; background-color: #dbe6e7; vertical-align: top; border: 1px solid #aaa;\">Nickel, Yellow, Antique, Black,<br \/>\nBlue, Red, White<\/td>\n<\/tr>\n<\/tbody>\n<\/table>\n","protected":false},"featured_media":2777,"template":"","meta":[],"product_brand":[],"product_cat":[103,37],"product_tag":[144,146,137,125,147,136,145],"class_list":{"0":"post-2118","1":"product","2":"type-product","3":"status-publish","4":"has-post-thumbnail","6":"product_cat-ayakkabi-aksesuarlari","7":"product_cat-terlik-aksesuarlari","8":"product_tag-ayakkabi","9":"product_tag-ayakkabi-aksesuari","10":"product_tag-ayakkabi-tokasi","11":"product_tag-metal-aksesuar","12":"product_tag-terlik","13":"product_tag-terlik-tokasi","14":"product_tag-toka","16":"first","17":"instock","18":"shipping-taxable","19":"product-type-simple"},"yoast_head":"<!-- This site is optimized with the Yoast SEO plugin v26.6 - https:\/\/yoast.com\/wordpress\/plugins\/seo\/ -->\n<title>F-201 | 25 mm Slipper Buckle - Fmk Accessory<\/title>\n<meta name=\"robots\" content=\"index, follow, max-snippet:-1, max-image-preview:large, max-video-preview:-1\" \/>\n<link rel=\"canonical\" href=\"https:\/\/www.fmkaksesuar.com\/en\/product\/f-201-25-mm-slipper-buckle\/\" \/>\n<meta property=\"og:locale\" content=\"en_US\" \/>\n<meta property=\"og:type\" content=\"article\" \/>\n<meta property=\"og:title\" content=\"F-201 | 25 mm Slipper Buckle - Fmk Accessory\" \/>\n<meta property=\"og:description\" content=\"[:tr]   \u00d6zellikler   \u00dcr\u00fcn Kodu : \u00a0F-201   A\u011f\u0131rl\u0131k \u00a03 gr.   \u00d6l\u00e7\u00fcler 25x33 mm   Materyal Sac   Renk Nikel, Sar\u0131, Antik, Siyah, Mavi, K\u0131rm\u0131z\u0131, Beyaz   [:en]   Features   Product Code : \u00a0F-201   Weight 3 gr.   Dimensions 25x33 mm   Material Metal   Color Nickel, Yellow, Antique, Black, Blue, Red, White   [:]\" \/>\n<meta property=\"og:url\" content=\"https:\/\/www.fmkaksesuar.com\/en\/product\/f-201-25-mm-slipper-buckle\/\" \/>\n<meta property=\"og:site_name\" content=\"Fmk Accessory\" \/>\n<meta property=\"article:modified_time\" content=\"2019-01-31T08:22:50+00:00\" \/>\n<meta property=\"og:image\" content=\"https:\/\/www.fmkaksesuar.com\/wp-content\/uploads\/2018\/11\/F201-1-1.jpg\" \/>\n\t<meta property=\"og:image:width\" content=\"655\" \/>\n\t<meta property=\"og:image:height\" content=\"489\" \/>\n\t<meta property=\"og:image:type\" content=\"image\/jpeg\" \/>\n<meta name=\"twitter:card\" content=\"summary_large_image\" \/>\n<script type=\"application\/ld+json\" class=\"yoast-schema-graph\">{\"@context\":\"https:\/\/schema.org\",\"@graph\":[{\"@type\":\"WebPage\",\"@id\":\"https:\/\/www.fmkaksesuar.com\/en\/product\/f-201-25-mm-slipper-buckle\/\",\"url\":\"https:\/\/www.fmkaksesuar.com\/en\/product\/f-201-25-mm-slipper-buckle\/\",\"name\":\"F-201 | 25 mm Slipper Buckle - Fmk Accessory\",\"isPartOf\":{\"@id\":\"https:\/\/www.fmkaksesuar.com\/#website\"},\"primaryImageOfPage\":{\"@id\":\"https:\/\/www.fmkaksesuar.com\/en\/product\/f-201-25-mm-slipper-buckle\/#primaryimage\"},\"image\":{\"@id\":\"https:\/\/www.fmkaksesuar.com\/en\/product\/f-201-25-mm-slipper-buckle\/#primaryimage\"},\"thumbnailUrl\":\"https:\/\/www.fmkaksesuar.com\/wp-content\/uploads\/2018\/11\/F201-1-1.jpg\",\"datePublished\":\"2018-11-01T08:05:17+00:00\",\"dateModified\":\"2019-01-31T08:22:50+00:00\",\"breadcrumb\":{\"@id\":\"https:\/\/www.fmkaksesuar.com\/en\/product\/f-201-25-mm-slipper-buckle\/#breadcrumb\"},\"inLanguage\":\"en-US\",\"potentialAction\":[{\"@type\":\"ReadAction\",\"target\":[\"https:\/\/www.fmkaksesuar.com\/en\/product\/f-201-25-mm-slipper-buckle\/\"]}]},{\"@type\":\"ImageObject\",\"inLanguage\":\"en-US\",\"@id\":\"https:\/\/www.fmkaksesuar.com\/en\/product\/f-201-25-mm-slipper-buckle\/#primaryimage\",\"url\":\"https:\/\/www.fmkaksesuar.com\/wp-content\/uploads\/2018\/11\/F201-1-1.jpg\",\"contentUrl\":\"https:\/\/www.fmkaksesuar.com\/wp-content\/uploads\/2018\/11\/F201-1-1.jpg\",\"width\":655,\"height\":489},{\"@type\":\"BreadcrumbList\",\"@id\":\"https:\/\/www.fmkaksesuar.com\/en\/product\/f-201-25-mm-slipper-buckle\/#breadcrumb\",\"itemListElement\":[{\"@type\":\"ListItem\",\"position\":1,\"name\":\"Ana sayfa\",\"item\":\"https:\/\/www.fmkaksesuar.com\/\"},{\"@type\":\"ListItem\",\"position\":2,\"name\":\"\u00dcr\u00fcnler\",\"item\":\"https:\/\/www.fmkaksesuar.com\/urunler\/\"},{\"@type\":\"ListItem\",\"position\":3,\"name\":\"F-201 | 25 mm Slipper Buckle\"}]},{\"@type\":\"WebSite\",\"@id\":\"https:\/\/www.fmkaksesuar.com\/#website\",\"url\":\"https:\/\/www.fmkaksesuar.com\/\",\"name\":\"Fmk Accessory\",\"description\":\"Fatih Makina\",\"potentialAction\":[{\"@type\":\"SearchAction\",\"target\":{\"@type\":\"EntryPoint\",\"urlTemplate\":\"https:\/\/www.fmkaksesuar.com\/?s={search_term_string}\"},\"query-input\":{\"@type\":\"PropertyValueSpecification\",\"valueRequired\":true,\"valueName\":\"search_term_string\"}}],\"inLanguage\":\"en-US\"}]}<\/script>\n<!-- \/ Yoast SEO plugin. -->","yoast_head_json":{"title":"F-201 | 25 mm Slipper Buckle - Fmk Accessory","robots":{"index":"index","follow":"follow","max-snippet":"max-snippet:-1","max-image-preview":"max-image-preview:large","max-video-preview":"max-video-preview:-1"},"canonical":"https:\/\/www.fmkaksesuar.com\/en\/product\/f-201-25-mm-slipper-buckle\/","og_locale":"en_US","og_type":"article","og_title":"F-201 | 25 mm Slipper Buckle - Fmk Accessory","og_description":"[:tr]   \u00d6zellikler   \u00dcr\u00fcn Kodu : \u00a0F-201   A\u011f\u0131rl\u0131k \u00a03 gr.   \u00d6l\u00e7\u00fcler 25x33 mm   Materyal Sac   Renk Nikel, Sar\u0131, Antik, Siyah, Mavi, K\u0131rm\u0131z\u0131, Beyaz   [:en]   Features   Product Code : \u00a0F-201   Weight 3 gr.   Dimensions 25x33 mm   Material Metal   Color Nickel, Yellow, Antique, Black, Blue, Red, White   [:]","og_url":"https:\/\/www.fmkaksesuar.com\/en\/product\/f-201-25-mm-slipper-buckle\/","og_site_name":"Fmk Accessory","article_modified_time":"2019-01-31T08:22:50+00:00","og_image":[{"width":655,"height":489,"url":"https:\/\/www.fmkaksesuar.com\/wp-content\/uploads\/2018\/11\/F201-1-1.jpg","type":"image\/jpeg"}],"twitter_card":"summary_large_image","schema":{"@context":"https:\/\/schema.org","@graph":[{"@type":"WebPage","@id":"https:\/\/www.fmkaksesuar.com\/en\/product\/f-201-25-mm-slipper-buckle\/","url":"https:\/\/www.fmkaksesuar.com\/en\/product\/f-201-25-mm-slipper-buckle\/","name":"F-201 | 25 mm Slipper Buckle - Fmk Accessory","isPartOf":{"@id":"https:\/\/www.fmkaksesuar.com\/#website"},"primaryImageOfPage":{"@id":"https:\/\/www.fmkaksesuar.com\/en\/product\/f-201-25-mm-slipper-buckle\/#primaryimage"},"image":{"@id":"https:\/\/www.fmkaksesuar.com\/en\/product\/f-201-25-mm-slipper-buckle\/#primaryimage"},"thumbnailUrl":"https:\/\/www.fmkaksesuar.com\/wp-content\/uploads\/2018\/11\/F201-1-1.jpg","datePublished":"2018-11-01T08:05:17+00:00","dateModified":"2019-01-31T08:22:50+00:00","breadcrumb":{"@id":"https:\/\/www.fmkaksesuar.com\/en\/product\/f-201-25-mm-slipper-buckle\/#breadcrumb"},"inLanguage":"en-US","potentialAction":[{"@type":"ReadAction","target":["https:\/\/www.fmkaksesuar.com\/en\/product\/f-201-25-mm-slipper-buckle\/"]}]},{"@type":"ImageObject","inLanguage":"en-US","@id":"https:\/\/www.fmkaksesuar.com\/en\/product\/f-201-25-mm-slipper-buckle\/#primaryimage","url":"https:\/\/www.fmkaksesuar.com\/wp-content\/uploads\/2018\/11\/F201-1-1.jpg","contentUrl":"https:\/\/www.fmkaksesuar.com\/wp-content\/uploads\/2018\/11\/F201-1-1.jpg","width":655,"height":489},{"@type":"BreadcrumbList","@id":"https:\/\/www.fmkaksesuar.com\/en\/product\/f-201-25-mm-slipper-buckle\/#breadcrumb","itemListElement":[{"@type":"ListItem","position":1,"name":"Ana sayfa","item":"https:\/\/www.fmkaksesuar.com\/"},{"@type":"ListItem","position":2,"name":"\u00dcr\u00fcnler","item":"https:\/\/www.fmkaksesuar.com\/urunler\/"},{"@type":"ListItem","position":3,"name":"F-201 | 25 mm Slipper Buckle"}]},{"@type":"WebSite","@id":"https:\/\/www.fmkaksesuar.com\/#website","url":"https:\/\/www.fmkaksesuar.com\/","name":"Fmk Accessory","description":"Fatih Makina","potentialAction":[{"@type":"SearchAction","target":{"@type":"EntryPoint","urlTemplate":"https:\/\/www.fmkaksesuar.com\/?s={search_term_string}"},"query-input":{"@type":"PropertyValueSpecification","valueRequired":true,"valueName":"search_term_string"}}],"inLanguage":"en-US"}]}},"_links":{"self":[{"href":"https:\/\/www.fmkaksesuar.com\/en\/wp-json\/wp\/v2\/product\/2118","targetHints":{"allow":["GET"]}}],"collection":[{"href":"https:\/\/www.fmkaksesuar.com\/en\/wp-json\/wp\/v2\/product"}],"about":[{"href":"https:\/\/www.fmkaksesuar.com\/en\/wp-json\/wp\/v2\/types\/product"}],"wp:featuredmedia":[{"embeddable":true,"href":"https:\/\/www.fmkaksesuar.com\/en\/wp-json\/wp\/v2\/media\/2777"}],"wp:attachment":[{"href":"https:\/\/www.fmkaksesuar.com\/en\/wp-json\/wp\/v2\/media?parent=2118"}],"wp:term":[{"taxonomy":"product_brand","embeddable":true,"href":"https:\/\/www.fmkaksesuar.com\/en\/wp-json\/wp\/v2\/product_brand?post=2118"},{"taxonomy":"product_cat","embeddable":true,"href":"https:\/\/www.fmkaksesuar.com\/en\/wp-json\/wp\/v2\/product_cat?post=2118"},{"taxonomy":"product_tag","embeddable":true,"href":"https:\/\/www.fmkaksesuar.com\/en\/wp-json\/wp\/v2\/product_tag?post=2118"}],"curies":[{"name":"wp","href":"https:\/\/api.w.org\/{rel}","templated":true}]}}