{"id":2638,"date":"2019-01-29T14:23:54","date_gmt":"2019-01-29T11:23:54","guid":{"rendered":"https:\/\/www.fmkaksesuar.com\/?post_type=product&#038;p=2638"},"modified":"2019-01-29T14:27:14","modified_gmt":"2019-01-29T11:27:14","slug":"f-214-bot-kancasi","status":"publish","type":"product","link":"https:\/\/www.fmkaksesuar.com\/en\/product\/f-214-boot-hook\/","title":{"rendered":"F-214 | Boot Hook"},"content":{"rendered":"<p>[vc_row][vc_column][vc_column_text][\/vc_column_text][\/vc_column][\/vc_row]<\/p>\n","protected":false},"excerpt":{"rendered":"<table style=\"border-collapse: collapse; border-spacing: 0; border-color: #aaa;\">\n<tbody>\n<tr>\n<th style=\"font-family: Arial, sans-serif; font-size: 18px; font-weight: bold; padding: 10px 5px; overflow: hidden; word-break: normal; color: #fff; background-color: #045864; text-align: center; vertical-align: top; border: 1px solid #aaa;\" colspan=\"2\">Features<\/th>\n<\/tr>\n<tr>\n<td style=\"font-family: Arial, sans-serif; font-size: 14px; padding: 10px 5px; overflow: hidden; word-break: normal; color: #333; background-color: #dbe6e7; vertical-align: top; border: 1px solid #aaa;\">Product Code :<\/td>\n<td style=\"font-family: Arial, sans-serif; font-size: 14px; padding: 10px 5px; overflow: hidden; word-break: normal; color: #333; background-color: #dbe6e7; vertical-align: top; border: 1px solid #aaa;\">\u00a0F- 214<\/td>\n<\/tr>\n<tr>\n<td style=\"font-family: Arial, sans-serif; font-size: 14px; padding: 10px 5px; overflow: hidden; word-break: normal; color: #333; background-color: #fff; vertical-align: top; border: 1px solid #aaa;\">Weight<\/td>\n<td style=\"font-family: Arial, sans-serif; font-size: 14px; padding: 10px 5px; overflow: hidden; word-break: normal; color: #333; background-color: #fff; vertical-align: top; border: 1px solid #aaa;\">\u00a03.3 gr.<\/td>\n<\/tr>\n<tr>\n<td style=\"font-family: Arial, sans-serif; font-size: 14px; padding: 10px 5px; overflow: hidden; word-break: normal; color: #333; background-color: #dbe6e7; vertical-align: top; border: 1px solid #aaa;\">Dimensions<\/td>\n<td style=\"font-family: Arial, sans-serif; font-size: 14px; padding: 10px 5px; overflow: hidden; word-break: normal; color: #333; background-color: #dbe6e7; vertical-align: top; border: 1px solid #aaa;\">18.4&#215;20.3 mm<\/td>\n<\/tr>\n<tr>\n<td style=\"font-family: Arial, sans-serif; font-size: 14px; padding: 10px 5px; overflow: hidden; word-break: normal; color: #333; background-color: #fff; vertical-align: top; border: 1px solid #aaa;\">Material<\/td>\n<td style=\"font-family: Arial, sans-serif; font-size: 14px; padding: 10px 5px; overflow: hidden; word-break: normal; color: #333; background-color: #fff; vertical-align: top; border: 1px solid #aaa;\">Zinc<\/td>\n<\/tr>\n<tr>\n<td style=\"font-family: Arial, sans-serif; font-size: 14px; padding: 10px 5px; overflow: hidden; word-break: normal; color: #333; background-color: #dbe6e7; vertical-align: top; border: 1px solid #aaa;\">Color<\/td>\n<td style=\"font-family: Arial, sans-serif; font-size: 14px; padding: 10px 5px; overflow: hidden; word-break: normal; color: #333; background-color: #dbe6e7; vertical-align: top; border: 1px solid #aaa;\">Nickel, Yellow, Antique, Black Nickel<\/td>\n<\/tr>\n<\/tbody>\n<\/table>\n","protected":false},"featured_media":2639,"template":"","meta":[],"product_brand":[],"product_cat":[103],"product_tag":[144,146,137,158,143,150,130],"class_list":{"0":"post-2638","1":"product","2":"type-product","3":"status-publish","4":"has-post-thumbnail","6":"product_cat-ayakkabi-aksesuarlari","7":"product_tag-ayakkabi","8":"product_tag-ayakkabi-aksesuari","9":"product_tag-ayakkabi-tokasi","10":"product_tag-bot","11":"product_tag-bot-kancasi","12":"product_tag-kanca-2","13":"product_tag-zamak-aksesuar","15":"first","16":"instock","17":"shipping-taxable","18":"product-type-simple"},"yoast_head":"<!-- This site is optimized with the Yoast SEO plugin v26.6 - https:\/\/yoast.com\/wordpress\/plugins\/seo\/ -->\n<title>F-214 | Boot Hook - Fmk Accessory<\/title>\n<meta name=\"robots\" content=\"index, follow, max-snippet:-1, max-image-preview:large, max-video-preview:-1\" \/>\n<link rel=\"canonical\" href=\"https:\/\/www.fmkaksesuar.com\/en\/product\/f-214-boot-hook\/\" \/>\n<meta property=\"og:locale\" content=\"en_US\" \/>\n<meta property=\"og:type\" content=\"article\" \/>\n<meta property=\"og:title\" content=\"F-214 | Boot Hook - Fmk Accessory\" \/>\n<meta property=\"og:description\" content=\"[:tr]   \u00d6zellikler   \u00dcr\u00fcn Kodu : \u00a0F- 214   A\u011f\u0131rl\u0131k \u00a03.3 gr.   \u00d6l\u00e7\u00fcler 18.4x20.3 mm   Materyal Zamak   Renk Nikel, Sar\u0131, Antik, Siyah Nikel   [:en]   Features   Product Code : \u00a0F- 214   Weight \u00a03.3 gr.   Dimensions 18.4x20.3 mm   Material Zinc   Color Nickel, Yellow, Antique, Black Nickel   [:]\" \/>\n<meta property=\"og:url\" content=\"https:\/\/www.fmkaksesuar.com\/en\/product\/f-214-boot-hook\/\" \/>\n<meta property=\"og:site_name\" content=\"Fmk Accessory\" \/>\n<meta property=\"article:modified_time\" content=\"2019-01-29T11:27:14+00:00\" \/>\n<meta property=\"og:image\" content=\"https:\/\/www.fmkaksesuar.com\/wp-content\/uploads\/2019\/01\/F214.jpg\" \/>\n\t<meta property=\"og:image:width\" content=\"655\" \/>\n\t<meta property=\"og:image:height\" content=\"489\" \/>\n\t<meta property=\"og:image:type\" content=\"image\/jpeg\" \/>\n<meta name=\"twitter:card\" content=\"summary_large_image\" \/>\n<script type=\"application\/ld+json\" class=\"yoast-schema-graph\">{\"@context\":\"https:\/\/schema.org\",\"@graph\":[{\"@type\":\"WebPage\",\"@id\":\"https:\/\/www.fmkaksesuar.com\/en\/product\/f-214-boot-hook\/\",\"url\":\"https:\/\/www.fmkaksesuar.com\/en\/product\/f-214-boot-hook\/\",\"name\":\"F-214 | Boot Hook - Fmk Accessory\",\"isPartOf\":{\"@id\":\"https:\/\/www.fmkaksesuar.com\/#website\"},\"primaryImageOfPage\":{\"@id\":\"https:\/\/www.fmkaksesuar.com\/en\/product\/f-214-boot-hook\/#primaryimage\"},\"image\":{\"@id\":\"https:\/\/www.fmkaksesuar.com\/en\/product\/f-214-boot-hook\/#primaryimage\"},\"thumbnailUrl\":\"https:\/\/www.fmkaksesuar.com\/wp-content\/uploads\/2019\/01\/F214.jpg\",\"datePublished\":\"2019-01-29T11:23:54+00:00\",\"dateModified\":\"2019-01-29T11:27:14+00:00\",\"breadcrumb\":{\"@id\":\"https:\/\/www.fmkaksesuar.com\/en\/product\/f-214-boot-hook\/#breadcrumb\"},\"inLanguage\":\"en-US\",\"potentialAction\":[{\"@type\":\"ReadAction\",\"target\":[\"https:\/\/www.fmkaksesuar.com\/en\/product\/f-214-boot-hook\/\"]}]},{\"@type\":\"ImageObject\",\"inLanguage\":\"en-US\",\"@id\":\"https:\/\/www.fmkaksesuar.com\/en\/product\/f-214-boot-hook\/#primaryimage\",\"url\":\"https:\/\/www.fmkaksesuar.com\/wp-content\/uploads\/2019\/01\/F214.jpg\",\"contentUrl\":\"https:\/\/www.fmkaksesuar.com\/wp-content\/uploads\/2019\/01\/F214.jpg\",\"width\":655,\"height\":489},{\"@type\":\"BreadcrumbList\",\"@id\":\"https:\/\/www.fmkaksesuar.com\/en\/product\/f-214-boot-hook\/#breadcrumb\",\"itemListElement\":[{\"@type\":\"ListItem\",\"position\":1,\"name\":\"Ana sayfa\",\"item\":\"https:\/\/www.fmkaksesuar.com\/\"},{\"@type\":\"ListItem\",\"position\":2,\"name\":\"\u00dcr\u00fcnler\",\"item\":\"https:\/\/www.fmkaksesuar.com\/urunler\/\"},{\"@type\":\"ListItem\",\"position\":3,\"name\":\"F-214 | Boot Hook\"}]},{\"@type\":\"WebSite\",\"@id\":\"https:\/\/www.fmkaksesuar.com\/#website\",\"url\":\"https:\/\/www.fmkaksesuar.com\/\",\"name\":\"Fmk Accessory\",\"description\":\"Fatih Makina\",\"potentialAction\":[{\"@type\":\"SearchAction\",\"target\":{\"@type\":\"EntryPoint\",\"urlTemplate\":\"https:\/\/www.fmkaksesuar.com\/?s={search_term_string}\"},\"query-input\":{\"@type\":\"PropertyValueSpecification\",\"valueRequired\":true,\"valueName\":\"search_term_string\"}}],\"inLanguage\":\"en-US\"}]}<\/script>\n<!-- \/ Yoast SEO plugin. -->","yoast_head_json":{"title":"F-214 | Boot Hook - Fmk Accessory","robots":{"index":"index","follow":"follow","max-snippet":"max-snippet:-1","max-image-preview":"max-image-preview:large","max-video-preview":"max-video-preview:-1"},"canonical":"https:\/\/www.fmkaksesuar.com\/en\/product\/f-214-boot-hook\/","og_locale":"en_US","og_type":"article","og_title":"F-214 | Boot Hook - Fmk Accessory","og_description":"[:tr]   \u00d6zellikler   \u00dcr\u00fcn Kodu : \u00a0F- 214   A\u011f\u0131rl\u0131k \u00a03.3 gr.   \u00d6l\u00e7\u00fcler 18.4x20.3 mm   Materyal Zamak   Renk Nikel, Sar\u0131, Antik, Siyah Nikel   [:en]   Features   Product Code : \u00a0F- 214   Weight \u00a03.3 gr.   Dimensions 18.4x20.3 mm   Material Zinc   Color Nickel, Yellow, Antique, Black Nickel   [:]","og_url":"https:\/\/www.fmkaksesuar.com\/en\/product\/f-214-boot-hook\/","og_site_name":"Fmk Accessory","article_modified_time":"2019-01-29T11:27:14+00:00","og_image":[{"width":655,"height":489,"url":"https:\/\/www.fmkaksesuar.com\/wp-content\/uploads\/2019\/01\/F214.jpg","type":"image\/jpeg"}],"twitter_card":"summary_large_image","schema":{"@context":"https:\/\/schema.org","@graph":[{"@type":"WebPage","@id":"https:\/\/www.fmkaksesuar.com\/en\/product\/f-214-boot-hook\/","url":"https:\/\/www.fmkaksesuar.com\/en\/product\/f-214-boot-hook\/","name":"F-214 | Boot Hook - Fmk Accessory","isPartOf":{"@id":"https:\/\/www.fmkaksesuar.com\/#website"},"primaryImageOfPage":{"@id":"https:\/\/www.fmkaksesuar.com\/en\/product\/f-214-boot-hook\/#primaryimage"},"image":{"@id":"https:\/\/www.fmkaksesuar.com\/en\/product\/f-214-boot-hook\/#primaryimage"},"thumbnailUrl":"https:\/\/www.fmkaksesuar.com\/wp-content\/uploads\/2019\/01\/F214.jpg","datePublished":"2019-01-29T11:23:54+00:00","dateModified":"2019-01-29T11:27:14+00:00","breadcrumb":{"@id":"https:\/\/www.fmkaksesuar.com\/en\/product\/f-214-boot-hook\/#breadcrumb"},"inLanguage":"en-US","potentialAction":[{"@type":"ReadAction","target":["https:\/\/www.fmkaksesuar.com\/en\/product\/f-214-boot-hook\/"]}]},{"@type":"ImageObject","inLanguage":"en-US","@id":"https:\/\/www.fmkaksesuar.com\/en\/product\/f-214-boot-hook\/#primaryimage","url":"https:\/\/www.fmkaksesuar.com\/wp-content\/uploads\/2019\/01\/F214.jpg","contentUrl":"https:\/\/www.fmkaksesuar.com\/wp-content\/uploads\/2019\/01\/F214.jpg","width":655,"height":489},{"@type":"BreadcrumbList","@id":"https:\/\/www.fmkaksesuar.com\/en\/product\/f-214-boot-hook\/#breadcrumb","itemListElement":[{"@type":"ListItem","position":1,"name":"Ana sayfa","item":"https:\/\/www.fmkaksesuar.com\/"},{"@type":"ListItem","position":2,"name":"\u00dcr\u00fcnler","item":"https:\/\/www.fmkaksesuar.com\/urunler\/"},{"@type":"ListItem","position":3,"name":"F-214 | Boot Hook"}]},{"@type":"WebSite","@id":"https:\/\/www.fmkaksesuar.com\/#website","url":"https:\/\/www.fmkaksesuar.com\/","name":"Fmk Accessory","description":"Fatih Makina","potentialAction":[{"@type":"SearchAction","target":{"@type":"EntryPoint","urlTemplate":"https:\/\/www.fmkaksesuar.com\/?s={search_term_string}"},"query-input":{"@type":"PropertyValueSpecification","valueRequired":true,"valueName":"search_term_string"}}],"inLanguage":"en-US"}]}},"_links":{"self":[{"href":"https:\/\/www.fmkaksesuar.com\/en\/wp-json\/wp\/v2\/product\/2638","targetHints":{"allow":["GET"]}}],"collection":[{"href":"https:\/\/www.fmkaksesuar.com\/en\/wp-json\/wp\/v2\/product"}],"about":[{"href":"https:\/\/www.fmkaksesuar.com\/en\/wp-json\/wp\/v2\/types\/product"}],"wp:featuredmedia":[{"embeddable":true,"href":"https:\/\/www.fmkaksesuar.com\/en\/wp-json\/wp\/v2\/media\/2639"}],"wp:attachment":[{"href":"https:\/\/www.fmkaksesuar.com\/en\/wp-json\/wp\/v2\/media?parent=2638"}],"wp:term":[{"taxonomy":"product_brand","embeddable":true,"href":"https:\/\/www.fmkaksesuar.com\/en\/wp-json\/wp\/v2\/product_brand?post=2638"},{"taxonomy":"product_cat","embeddable":true,"href":"https:\/\/www.fmkaksesuar.com\/en\/wp-json\/wp\/v2\/product_cat?post=2638"},{"taxonomy":"product_tag","embeddable":true,"href":"https:\/\/www.fmkaksesuar.com\/en\/wp-json\/wp\/v2\/product_tag?post=2638"}],"curies":[{"name":"wp","href":"https:\/\/api.w.org\/{rel}","templated":true}]}}