{"id":2888,"date":"2020-06-11T10:23:15","date_gmt":"2020-06-11T07:23:15","guid":{"rendered":"https:\/\/www.fmkaksesuar.com\/?post_type=product&#038;p=2888"},"modified":"2020-06-22T16:27:31","modified_gmt":"2020-06-22T13:27:31","slug":"plastik-gizli-canta-bursu","status":"publish","type":"product","link":"https:\/\/www.fmkaksesuar.com\/en\/product\/f-350-plastic-hidden-frame\/","title":{"rendered":"F-350 | Plastic Hidden Frame"},"content":{"rendered":"<p>[vc_row][vc_column][vc_column_text][\/vc_column_text][\/vc_column][\/vc_row]<\/p>\n","protected":false},"excerpt":{"rendered":"<table style=\"border-collapse: collapse; border-spacing: 0; border-color: #aaa;\">\n<tbody>\n<tr>\n<th style=\"font-family: Arial, sans-serif; font-size: 18px; font-weight: bold; padding: 10px 5px; overflow: hidden; word-break: normal; color: #fff; background-color: #045864; text-align: center; vertical-align: top; border: 1px solid #aaa;\" colspan=\"2\">Features<\/th>\n<\/tr>\n<tr>\n<td style=\"font-family: Arial, sans-serif; font-size: 14px; padding: 10px 5px; overflow: hidden; word-break: normal; color: #333; background-color: #dbe6e7; vertical-align: top; border: 1px solid #aaa;\">Product Code :<\/td>\n<td style=\"font-family: Arial, sans-serif; font-size: 14px; padding: 10px 5px; overflow: hidden; word-break: normal; color: #333; background-color: #dbe6e7; vertical-align: top; border: 1px solid #aaa;\">\u00a0F- 350<\/td>\n<\/tr>\n<tr>\n<td style=\"font-family: Arial, sans-serif; font-size: 14px; padding: 10px 5px; overflow: hidden; word-break: normal; color: #333; background-color: #fff; vertical-align: top; border: 1px solid #aaa;\">Weight<\/td>\n<td style=\"font-family: Arial, sans-serif; font-size: 14px; padding: 10px 5px; overflow: hidden; word-break: normal; color: #333; background-color: #fff; vertical-align: top; border: 1px solid #aaa;\">\u00a075 gr.<\/td>\n<\/tr>\n<tr>\n<td style=\"font-family: Arial, sans-serif; font-size: 14px; padding: 10px 5px; overflow: hidden; word-break: normal; color: #333; background-color: #dbe6e7; vertical-align: top; border: 1px solid #aaa;\">Dimensions<\/td>\n<td style=\"font-family: Arial, sans-serif; font-size: 14px; padding: 10px 5px; overflow: hidden; word-break: normal; color: #333; background-color: #dbe6e7; vertical-align: top; border: 1px solid #aaa;\">\u00a021&#215;18,5 cm<\/td>\n<\/tr>\n<tr>\n<td style=\"font-family: Arial, sans-serif; font-size: 14px; padding: 10px 5px; overflow: hidden; word-break: normal; color: #333; background-color: #fff; vertical-align: top; border: 1px solid #aaa;\">Material<\/td>\n<td style=\"font-family: Arial, sans-serif; font-size: 14px; padding: 10px 5px; overflow: hidden; word-break: normal; color: #333; background-color: #fff; vertical-align: top; border: 1px solid #aaa;\">Plastic<\/td>\n<\/tr>\n<tr>\n<td style=\"font-family: Arial, sans-serif; font-size: 14px; padding: 10px 5px; overflow: hidden; word-break: normal; color: #333; background-color: #dbe6e7; vertical-align: top; border: 1px solid #aaa;\">Color<\/td>\n<td style=\"font-family: Arial, sans-serif; font-size: 14px; padding: 10px 5px; overflow: hidden; word-break: normal; color: #333; background-color: #dbe6e7; vertical-align: top; border: 1px solid #aaa;\">Black<\/td>\n<\/tr>\n<\/tbody>\n<\/table>\n","protected":false},"featured_media":2892,"template":"","meta":[],"product_brand":[],"product_cat":[29],"product_tag":[129,134,172],"class_list":{"0":"post-2888","1":"product","2":"type-product","3":"status-publish","4":"has-post-thumbnail","6":"product_cat-canta-aksesuarlari","7":"product_tag-canta-aksesuari","8":"product_tag-canta-bursu","9":"product_tag-gizli-burs","11":"first","12":"instock","13":"featured","14":"shipping-taxable","15":"product-type-simple"},"yoast_head":"<!-- This site is optimized with the Yoast SEO plugin v26.6 - https:\/\/yoast.com\/wordpress\/plugins\/seo\/ -->\n<title>Plastik Gizli Burs - Gizli \u00c7anta Bursu - F-350 | Plastic Hidden Frame Fmk Accessory<\/title>\n<meta name=\"description\" content=\"Plastik gizli \u00e7anta bursu. \u00d6zg\u00fcn tasar\u0131mlar\u0131n\u0131za uygun yeni tasar\u0131m \u00e7anta bursu. Y\u00fczlerce \u00e7e\u015fit \u00e7anta aksesuarlar\u0131 i\u00e7in FMK Aksesuar. \u0130malattan toptan sat\u0131\u015f. \u00d6rme \u00e7antalar, deri \u00e7antalar ve suni deri \u00e7antalar i\u00e7in uyumlu gizli \u00e7anta bursu. B\u00fcy\u00fck tasar\u0131m\u0131, kolay montaj\u0131 ve estetik tasar\u0131m\u0131yla \u00e7antalar\u0131n\u0131za yeni bir \u00e7izgi katacak - F-350 | Plastic Hidden Frame Fmk Accessory\" \/>\n<meta name=\"robots\" content=\"index, follow, max-snippet:-1, max-image-preview:large, max-video-preview:-1\" \/>\n<link rel=\"canonical\" href=\"https:\/\/www.fmkaksesuar.com\/urun\/f-350-plastik-gizli-burs\/\" \/>\n<meta property=\"og:locale\" content=\"en_US\" \/>\n<meta property=\"og:type\" content=\"article\" \/>\n<meta property=\"og:title\" content=\"Plastik Gizli Burs - Gizli \u00c7anta Bursu - F-350 | Plastic Hidden Frame Fmk Accessory\" \/>\n<meta property=\"og:description\" content=\"Plastik gizli \u00e7anta bursu. \u00d6zg\u00fcn tasar\u0131mlar\u0131n\u0131za uygun yeni tasar\u0131m \u00e7anta bursu. Y\u00fczlerce \u00e7e\u015fit \u00e7anta aksesuarlar\u0131 i\u00e7in FMK Aksesuar. \u0130malattan toptan sat\u0131\u015f. \u00d6rme \u00e7antalar, deri \u00e7antalar ve suni deri \u00e7antalar i\u00e7in uyumlu gizli \u00e7anta bursu. B\u00fcy\u00fck tasar\u0131m\u0131, kolay montaj\u0131 ve estetik tasar\u0131m\u0131yla \u00e7antalar\u0131n\u0131za yeni bir \u00e7izgi katacak - F-350 | Plastic Hidden Frame Fmk Accessory\" \/>\n<meta property=\"og:url\" content=\"https:\/\/www.fmkaksesuar.com\/urun\/f-350-plastik-gizli-burs\/\" \/>\n<meta property=\"og:site_name\" content=\"Fmk Accessory\" \/>\n<meta property=\"article:modified_time\" content=\"2020-06-22T13:27:31+00:00\" \/>\n<meta property=\"og:image\" content=\"https:\/\/www.fmkaksesuar.com\/wp-content\/uploads\/2020\/06\/F-350.jpg\" \/>\n\t<meta property=\"og:image:width\" content=\"655\" \/>\n\t<meta property=\"og:image:height\" content=\"489\" \/>\n\t<meta property=\"og:image:type\" content=\"image\/jpeg\" \/>\n<meta name=\"twitter:card\" content=\"summary_large_image\" \/>\n<script type=\"application\/ld+json\" class=\"yoast-schema-graph\">{\"@context\":\"https:\/\/schema.org\",\"@graph\":[{\"@type\":\"WebPage\",\"@id\":\"https:\/\/www.fmkaksesuar.com\/urun\/f-350-plastik-gizli-burs\/\",\"url\":\"https:\/\/www.fmkaksesuar.com\/urun\/f-350-plastik-gizli-burs\/\",\"name\":\"Plastik Gizli Burs - Gizli \u00c7anta Bursu - F-350 | Plastic Hidden Frame Fmk Accessory\",\"isPartOf\":{\"@id\":\"https:\/\/www.fmkaksesuar.com\/#website\"},\"primaryImageOfPage\":{\"@id\":\"https:\/\/www.fmkaksesuar.com\/urun\/f-350-plastik-gizli-burs\/#primaryimage\"},\"image\":{\"@id\":\"https:\/\/www.fmkaksesuar.com\/urun\/f-350-plastik-gizli-burs\/#primaryimage\"},\"thumbnailUrl\":\"https:\/\/www.fmkaksesuar.com\/wp-content\/uploads\/2020\/06\/F-350.jpg\",\"datePublished\":\"2020-06-11T07:23:15+00:00\",\"dateModified\":\"2020-06-22T13:27:31+00:00\",\"description\":\"Plastik gizli \u00e7anta bursu. \u00d6zg\u00fcn tasar\u0131mlar\u0131n\u0131za uygun yeni tasar\u0131m \u00e7anta bursu. Y\u00fczlerce \u00e7e\u015fit \u00e7anta aksesuarlar\u0131 i\u00e7in FMK Aksesuar. \u0130malattan toptan sat\u0131\u015f. \u00d6rme \u00e7antalar, deri \u00e7antalar ve suni deri \u00e7antalar i\u00e7in uyumlu gizli \u00e7anta bursu. B\u00fcy\u00fck tasar\u0131m\u0131, kolay montaj\u0131 ve estetik tasar\u0131m\u0131yla \u00e7antalar\u0131n\u0131za yeni bir \u00e7izgi katacak - F-350 | Plastic Hidden Frame Fmk Accessory\",\"breadcrumb\":{\"@id\":\"https:\/\/www.fmkaksesuar.com\/urun\/f-350-plastik-gizli-burs\/#breadcrumb\"},\"inLanguage\":\"en-US\",\"potentialAction\":[{\"@type\":\"ReadAction\",\"target\":[\"https:\/\/www.fmkaksesuar.com\/urun\/f-350-plastik-gizli-burs\/\"]}]},{\"@type\":\"ImageObject\",\"inLanguage\":\"en-US\",\"@id\":\"https:\/\/www.fmkaksesuar.com\/urun\/f-350-plastik-gizli-burs\/#primaryimage\",\"url\":\"https:\/\/www.fmkaksesuar.com\/wp-content\/uploads\/2020\/06\/F-350.jpg\",\"contentUrl\":\"https:\/\/www.fmkaksesuar.com\/wp-content\/uploads\/2020\/06\/F-350.jpg\",\"width\":655,\"height\":489,\"caption\":\"Plastik Gizli Burs\"},{\"@type\":\"BreadcrumbList\",\"@id\":\"https:\/\/www.fmkaksesuar.com\/urun\/f-350-plastik-gizli-burs\/#breadcrumb\",\"itemListElement\":[{\"@type\":\"ListItem\",\"position\":1,\"name\":\"Ana sayfa\",\"item\":\"https:\/\/www.fmkaksesuar.com\/\"},{\"@type\":\"ListItem\",\"position\":2,\"name\":\"\u00dcr\u00fcnler\",\"item\":\"https:\/\/www.fmkaksesuar.com\/urunler\/\"},{\"@type\":\"ListItem\",\"position\":3,\"name\":\"F-350 | Plastik Gizli Burs\"}]},{\"@type\":\"WebSite\",\"@id\":\"https:\/\/www.fmkaksesuar.com\/#website\",\"url\":\"https:\/\/www.fmkaksesuar.com\/\",\"name\":\"Fmk Accessory\",\"description\":\"Fatih Makina\",\"potentialAction\":[{\"@type\":\"SearchAction\",\"target\":{\"@type\":\"EntryPoint\",\"urlTemplate\":\"https:\/\/www.fmkaksesuar.com\/?s={search_term_string}\"},\"query-input\":{\"@type\":\"PropertyValueSpecification\",\"valueRequired\":true,\"valueName\":\"search_term_string\"}}],\"inLanguage\":\"en-US\"}]}<\/script>\n<!-- \/ Yoast SEO plugin. -->","yoast_head_json":{"title":"Plastik Gizli Burs - Gizli \u00c7anta Bursu - F-350 | Plastic Hidden Frame Fmk Accessory","description":"Plastik gizli \u00e7anta bursu. \u00d6zg\u00fcn tasar\u0131mlar\u0131n\u0131za uygun yeni tasar\u0131m \u00e7anta bursu. Y\u00fczlerce \u00e7e\u015fit \u00e7anta aksesuarlar\u0131 i\u00e7in FMK Aksesuar. \u0130malattan toptan sat\u0131\u015f. \u00d6rme \u00e7antalar, deri \u00e7antalar ve suni deri \u00e7antalar i\u00e7in uyumlu gizli \u00e7anta bursu. B\u00fcy\u00fck tasar\u0131m\u0131, kolay montaj\u0131 ve estetik tasar\u0131m\u0131yla \u00e7antalar\u0131n\u0131za yeni bir \u00e7izgi katacak - F-350 | Plastic Hidden Frame Fmk Accessory","robots":{"index":"index","follow":"follow","max-snippet":"max-snippet:-1","max-image-preview":"max-image-preview:large","max-video-preview":"max-video-preview:-1"},"canonical":"https:\/\/www.fmkaksesuar.com\/urun\/f-350-plastik-gizli-burs\/","og_locale":"en_US","og_type":"article","og_title":"Plastik Gizli Burs - Gizli \u00c7anta Bursu - F-350 | Plastic Hidden Frame Fmk Accessory","og_description":"Plastik gizli \u00e7anta bursu. \u00d6zg\u00fcn tasar\u0131mlar\u0131n\u0131za uygun yeni tasar\u0131m \u00e7anta bursu. Y\u00fczlerce \u00e7e\u015fit \u00e7anta aksesuarlar\u0131 i\u00e7in FMK Aksesuar. \u0130malattan toptan sat\u0131\u015f. \u00d6rme \u00e7antalar, deri \u00e7antalar ve suni deri \u00e7antalar i\u00e7in uyumlu gizli \u00e7anta bursu. B\u00fcy\u00fck tasar\u0131m\u0131, kolay montaj\u0131 ve estetik tasar\u0131m\u0131yla \u00e7antalar\u0131n\u0131za yeni bir \u00e7izgi katacak - F-350 | Plastic Hidden Frame Fmk Accessory","og_url":"https:\/\/www.fmkaksesuar.com\/urun\/f-350-plastik-gizli-burs\/","og_site_name":"Fmk Accessory","article_modified_time":"2020-06-22T13:27:31+00:00","og_image":[{"width":655,"height":489,"url":"https:\/\/www.fmkaksesuar.com\/wp-content\/uploads\/2020\/06\/F-350.jpg","type":"image\/jpeg"}],"twitter_card":"summary_large_image","schema":{"@context":"https:\/\/schema.org","@graph":[{"@type":"WebPage","@id":"https:\/\/www.fmkaksesuar.com\/urun\/f-350-plastik-gizli-burs\/","url":"https:\/\/www.fmkaksesuar.com\/urun\/f-350-plastik-gizli-burs\/","name":"Plastik Gizli Burs - Gizli \u00c7anta Bursu - F-350 | Plastic Hidden Frame Fmk Accessory","isPartOf":{"@id":"https:\/\/www.fmkaksesuar.com\/#website"},"primaryImageOfPage":{"@id":"https:\/\/www.fmkaksesuar.com\/urun\/f-350-plastik-gizli-burs\/#primaryimage"},"image":{"@id":"https:\/\/www.fmkaksesuar.com\/urun\/f-350-plastik-gizli-burs\/#primaryimage"},"thumbnailUrl":"https:\/\/www.fmkaksesuar.com\/wp-content\/uploads\/2020\/06\/F-350.jpg","datePublished":"2020-06-11T07:23:15+00:00","dateModified":"2020-06-22T13:27:31+00:00","description":"Plastik gizli \u00e7anta bursu. \u00d6zg\u00fcn tasar\u0131mlar\u0131n\u0131za uygun yeni tasar\u0131m \u00e7anta bursu. Y\u00fczlerce \u00e7e\u015fit \u00e7anta aksesuarlar\u0131 i\u00e7in FMK Aksesuar. \u0130malattan toptan sat\u0131\u015f. \u00d6rme \u00e7antalar, deri \u00e7antalar ve suni deri \u00e7antalar i\u00e7in uyumlu gizli \u00e7anta bursu. B\u00fcy\u00fck tasar\u0131m\u0131, kolay montaj\u0131 ve estetik tasar\u0131m\u0131yla \u00e7antalar\u0131n\u0131za yeni bir \u00e7izgi katacak - F-350 | Plastic Hidden Frame Fmk Accessory","breadcrumb":{"@id":"https:\/\/www.fmkaksesuar.com\/urun\/f-350-plastik-gizli-burs\/#breadcrumb"},"inLanguage":"en-US","potentialAction":[{"@type":"ReadAction","target":["https:\/\/www.fmkaksesuar.com\/urun\/f-350-plastik-gizli-burs\/"]}]},{"@type":"ImageObject","inLanguage":"en-US","@id":"https:\/\/www.fmkaksesuar.com\/urun\/f-350-plastik-gizli-burs\/#primaryimage","url":"https:\/\/www.fmkaksesuar.com\/wp-content\/uploads\/2020\/06\/F-350.jpg","contentUrl":"https:\/\/www.fmkaksesuar.com\/wp-content\/uploads\/2020\/06\/F-350.jpg","width":655,"height":489,"caption":"Plastik Gizli Burs"},{"@type":"BreadcrumbList","@id":"https:\/\/www.fmkaksesuar.com\/urun\/f-350-plastik-gizli-burs\/#breadcrumb","itemListElement":[{"@type":"ListItem","position":1,"name":"Ana sayfa","item":"https:\/\/www.fmkaksesuar.com\/"},{"@type":"ListItem","position":2,"name":"\u00dcr\u00fcnler","item":"https:\/\/www.fmkaksesuar.com\/urunler\/"},{"@type":"ListItem","position":3,"name":"F-350 | Plastik Gizli Burs"}]},{"@type":"WebSite","@id":"https:\/\/www.fmkaksesuar.com\/#website","url":"https:\/\/www.fmkaksesuar.com\/","name":"Fmk Accessory","description":"Fatih Makina","potentialAction":[{"@type":"SearchAction","target":{"@type":"EntryPoint","urlTemplate":"https:\/\/www.fmkaksesuar.com\/?s={search_term_string}"},"query-input":{"@type":"PropertyValueSpecification","valueRequired":true,"valueName":"search_term_string"}}],"inLanguage":"en-US"}]}},"_links":{"self":[{"href":"https:\/\/www.fmkaksesuar.com\/en\/wp-json\/wp\/v2\/product\/2888","targetHints":{"allow":["GET"]}}],"collection":[{"href":"https:\/\/www.fmkaksesuar.com\/en\/wp-json\/wp\/v2\/product"}],"about":[{"href":"https:\/\/www.fmkaksesuar.com\/en\/wp-json\/wp\/v2\/types\/product"}],"wp:featuredmedia":[{"embeddable":true,"href":"https:\/\/www.fmkaksesuar.com\/en\/wp-json\/wp\/v2\/media\/2892"}],"wp:attachment":[{"href":"https:\/\/www.fmkaksesuar.com\/en\/wp-json\/wp\/v2\/media?parent=2888"}],"wp:term":[{"taxonomy":"product_brand","embeddable":true,"href":"https:\/\/www.fmkaksesuar.com\/en\/wp-json\/wp\/v2\/product_brand?post=2888"},{"taxonomy":"product_cat","embeddable":true,"href":"https:\/\/www.fmkaksesuar.com\/en\/wp-json\/wp\/v2\/product_cat?post=2888"},{"taxonomy":"product_tag","embeddable":true,"href":"https:\/\/www.fmkaksesuar.com\/en\/wp-json\/wp\/v2\/product_tag?post=2888"}],"curies":[{"name":"wp","href":"https:\/\/api.w.org\/{rel}","templated":true}]}}